{"id":814,"date":"2019-08-31T18:49:21","date_gmt":"2019-08-31T18:49:21","guid":{"rendered":"https:\/\/kst.ffzg.unizg.hr\/?page_id=814"},"modified":"2020-08-19T08:38:21","modified_gmt":"2020-08-19T08:38:21","slug":"terenska-nastava","status":"publish","type":"page","link":"https:\/\/kst.ffzg.unizg.hr\/index.php\/putopisi\/terenska-nastava\/","title":{"rendered":"Terenska nastava"},"content":{"rendered":"\n<figure class=\"wp-block-image\"><img loading=\"lazy\" width=\"1024\" height=\"342\" src=\"https:\/\/kst.ffzg.unizg.hr\/wp-content\/uploads\/2019\/09\/acfb36c3-b7a3-4b3c-95ee-87fe26171e21-1024x342.jpg\" alt=\"Djevoja\u010dka kula i pogled na povijesni poluotok\" class=\"wp-image-818\" srcset=\"https:\/\/kst.ffzg.unizg.hr\/wp-content\/uploads\/2019\/09\/acfb36c3-b7a3-4b3c-95ee-87fe26171e21-1024x342.jpg 1024w, https:\/\/kst.ffzg.unizg.hr\/wp-content\/uploads\/2019\/09\/acfb36c3-b7a3-4b3c-95ee-87fe26171e21-300x100.jpg 300w, https:\/\/kst.ffzg.unizg.hr\/wp-content\/uploads\/2019\/09\/acfb36c3-b7a3-4b3c-95ee-87fe26171e21-768x256.jpg 768w\" sizes=\"(max-width: 1024px) 100vw, 1024px\" \/><\/figure>\n\n\n\n<h2><strong>20 &#8211; 29. rujna 2019. godine<\/strong><\/h2>\n\n\n\n<p>Terenska nastava odnosno studijsko putovanje \u010dlanova Kluba studenata turkologije prva je aktivnost takve vrste inicirana od strane studenata turkologije, prvenstveno \u010dlanova Kluba studenata turkologije. Sama aktivnost provedena je od 20. do 29. rujna 2019. g, a uklju\u010divala je studentsko putovanje za \u010detrdeset i dvoje studenata turkologije koji su svi \u010dlanovi Kluba studenata turkologije. Cilj putovanja bio je Istanbul, a usputne destinacije bile su: Beograd, Sofija, Edirne i Plovdiv.<\/p>\n\n\n\n<p>Tijekom desetodnevnoga putovanja studenti su imali priliku boraviti u najve\u0107emu turskom gradu, \u0161to je velikoj ve\u0107ini studenata bilo i prvo iskustvo boravka u Turskoj. Studenti su posjetili glavne povijesne i kulturne znamenitosti grada, kao \u0161to su pala\u010de Topkap\u0131 i Dolmabah\u00e7e, poznate istanbulske d\u017eamije Sultanahmet, Sulejmanija, Ajasofija (tada muzej), muzeje kao \u0161to su Arheolo\u0161ki, Muzej islmaske povijesti znanosti i tehnologije, Muzej nevinosti i sl.<\/p>\n\n\n\n<p>Inicijativa za putovanje do\u0161la je od Marka \u0160apine, predsjednika Kluba, koji je ujedino i organizirao cijelo putovanje. Najve\u0107u potporu pri organizaciji terenske nastave Klubu su dali TIKA (Turska agencija za suradnju i koordinaciju) i Veleposlanstvo Republike Turske u Republici Hrvatskoj te Katedra za turkologiju. Osim toga, studenti su sudjelovali i u programu Beyaz Masa koji organizira Istanbulska velegradska op\u0107ina. Tijekom putovanja studente je primila i dr.sc. Ivana Zerec, generalna konzulica Republike Hrvatske u Istanbulu.<\/p>\n","protected":false},"excerpt":{"rendered":"<p>20 &#8211; 29. rujna 2019. godine Terenska nastava odnosno studijsko putovanje \u010dlanova Kluba studenata turkologije prva je aktivnost takve vrste inicirana od strane studenata turkologije, prvenstveno \u010dlanova Kluba studenata turkologije. Sama aktivnost provedena je od 20. do 29. rujna 2019. g, a uklju\u010divala je studentsko putovanje za \u010detrdeset i dvoje studenata turkologije koji su svi [&hellip;]<\/p>\n","protected":false},"author":2,"featured_media":0,"parent":61,"menu_order":0,"comment_status":"closed","ping_status":"closed","template":"","meta":{"spay_email":""},"_links":{"self":[{"href":"https:\/\/kst.ffzg.unizg.hr\/index.php\/wp-json\/wp\/v2\/pages\/814"}],"collection":[{"href":"https:\/\/kst.ffzg.unizg.hr\/index.php\/wp-json\/wp\/v2\/pages"}],"about":[{"href":"https:\/\/kst.ffzg.unizg.hr\/index.php\/wp-json\/wp\/v2\/types\/page"}],"author":[{"embeddable":true,"href":"https:\/\/kst.ffzg.unizg.hr\/index.php\/wp-json\/wp\/v2\/users\/2"}],"replies":[{"embeddable":true,"href":"https:\/\/kst.ffzg.unizg.hr\/index.php\/wp-json\/wp\/v2\/comments?post=814"}],"version-history":[{"count":6,"href":"https:\/\/kst.ffzg.unizg.hr\/index.php\/wp-json\/wp\/v2\/pages\/814\/revisions"}],"predecessor-version":[{"id":1771,"href":"https:\/\/kst.ffzg.unizg.hr\/index.php\/wp-json\/wp\/v2\/pages\/814\/revisions\/1771"}],"up":[{"embeddable":true,"href":"https:\/\/kst.ffzg.unizg.hr\/index.php\/wp-json\/wp\/v2\/pages\/61"}],"wp:attachment":[{"href":"https:\/\/kst.ffzg.unizg.hr\/index.php\/wp-json\/wp\/v2\/media?parent=814"}],"curies":[{"name":"wp","href":"https:\/\/api.w.org\/{rel}","templated":true}]}}