{"id":2032,"date":"2021-08-26T22:08:50","date_gmt":"2021-08-26T22:08:50","guid":{"rendered":"https:\/\/kst.ffzg.unizg.hr\/?page_id=2032"},"modified":"2021-08-30T12:40:57","modified_gmt":"2021-08-30T12:40:57","slug":"lucija-dodig","status":"publish","type":"page","link":"https:\/\/kst.ffzg.unizg.hr\/index.php\/about\/saziv-kluba\/lucija-dodig\/","title":{"rendered":"Lucija Dodig"},"content":{"rendered":"\n<div class=\"wp-block-columns\">\n<div class=\"wp-block-column\">\n<figure class=\"wp-block-image size-large\"><img loading=\"lazy\" width=\"768\" height=\"1024\" src=\"https:\/\/kst.ffzg.unizg.hr\/wp-content\/uploads\/2021\/08\/WhatsApp-Image-2021-08-30-at-00.20.59-768x1024.jpeg\" alt=\"\" class=\"wp-image-2088\" srcset=\"https:\/\/kst.ffzg.unizg.hr\/wp-content\/uploads\/2021\/08\/WhatsApp-Image-2021-08-30-at-00.20.59-768x1025.jpeg 768w, https:\/\/kst.ffzg.unizg.hr\/wp-content\/uploads\/2021\/08\/WhatsApp-Image-2021-08-30-at-00.20.59-225x300.jpeg 225w, https:\/\/kst.ffzg.unizg.hr\/wp-content\/uploads\/2021\/08\/WhatsApp-Image-2021-08-30-at-00.20.59.jpeg 946w\" sizes=\"(max-width: 768px) 100vw, 768px\" \/><\/figure>\n<\/div>\n\n\n\n<div class=\"wp-block-column\">\n<p class=\"has-text-align-justify\"><strong>Lucija Dodig<\/strong> \u2013 Ro\u0111ena je u \u0160ibeniku gdje zavr\u0161ava osnovnu i srednju \u0161kolu (Turisti\u010dko-ugostiteljska \u0161kola \u0160ibenik). Godine 2019. upisuje preddiplomski studij talijanistike i turkologije na Filozofskom fakultetu Sveu\u010dili\u0161ta u Zagrebu. \u010clanica je Kluba od 2019. godine te aktivno sudjeluje u klupskim aktivnostima. Osim turskim, slu\u017ei se engleskim, talijanskim i \u0161panjolskim jezikom.<\/p>\n<\/div>\n<\/div>\n","protected":false},"excerpt":{"rendered":"<p>Lucija Dodig \u2013 Ro\u0111ena je u \u0160ibeniku gdje zavr\u0161ava osnovnu i srednju \u0161kolu (Turisti\u010dko-ugostiteljska \u0161kola \u0160ibenik). Godine 2019. upisuje preddiplomski studij talijanistike i turkologije na Filozofskom fakultetu Sveu\u010dili\u0161ta u Zagrebu. \u010clanica je Kluba od 2019. godine te aktivno sudjeluje u klupskim aktivnostima. Osim turskim, slu\u017ei se engleskim, talijanskim i \u0161panjolskim jezikom.<\/p>\n","protected":false},"author":2,"featured_media":0,"parent":147,"menu_order":0,"comment_status":"closed","ping_status":"closed","template":"","meta":{"spay_email":""},"_links":{"self":[{"href":"https:\/\/kst.ffzg.unizg.hr\/index.php\/wp-json\/wp\/v2\/pages\/2032"}],"collection":[{"href":"https:\/\/kst.ffzg.unizg.hr\/index.php\/wp-json\/wp\/v2\/pages"}],"about":[{"href":"https:\/\/kst.ffzg.unizg.hr\/index.php\/wp-json\/wp\/v2\/types\/page"}],"author":[{"embeddable":true,"href":"https:\/\/kst.ffzg.unizg.hr\/index.php\/wp-json\/wp\/v2\/users\/2"}],"replies":[{"embeddable":true,"href":"https:\/\/kst.ffzg.unizg.hr\/index.php\/wp-json\/wp\/v2\/comments?post=2032"}],"version-history":[{"count":3,"href":"https:\/\/kst.ffzg.unizg.hr\/index.php\/wp-json\/wp\/v2\/pages\/2032\/revisions"}],"predecessor-version":[{"id":2090,"href":"https:\/\/kst.ffzg.unizg.hr\/index.php\/wp-json\/wp\/v2\/pages\/2032\/revisions\/2090"}],"up":[{"embeddable":true,"href":"https:\/\/kst.ffzg.unizg.hr\/index.php\/wp-json\/wp\/v2\/pages\/147"}],"wp:attachment":[{"href":"https:\/\/kst.ffzg.unizg.hr\/index.php\/wp-json\/wp\/v2\/media?parent=2032"}],"curies":[{"name":"wp","href":"https:\/\/api.w.org\/{rel}","templated":true}]}}