{"id":2026,"date":"2021-08-26T22:05:31","date_gmt":"2021-08-26T22:05:31","guid":{"rendered":"https:\/\/kst.ffzg.unizg.hr\/?page_id=2026"},"modified":"2021-08-30T12:39:59","modified_gmt":"2021-08-30T12:39:59","slug":"laura-lasan","status":"publish","type":"page","link":"https:\/\/kst.ffzg.unizg.hr\/index.php\/about\/saziv-kluba\/laura-lasan\/","title":{"rendered":"Laura Lasan"},"content":{"rendered":"\n<div class=\"wp-block-columns\">\n<div class=\"wp-block-column\">\n<figure class=\"wp-block-image size-large\"><img loading=\"lazy\" width=\"768\" height=\"1024\" src=\"https:\/\/kst.ffzg.unizg.hr\/wp-content\/uploads\/2021\/08\/IMG-20210828-WA0001-768x1024.jpg\" alt=\"\" class=\"wp-image-2086\" srcset=\"https:\/\/kst.ffzg.unizg.hr\/wp-content\/uploads\/2021\/08\/IMG-20210828-WA0001-768x1024.jpg 768w, https:\/\/kst.ffzg.unizg.hr\/wp-content\/uploads\/2021\/08\/IMG-20210828-WA0001-225x300.jpg 225w, https:\/\/kst.ffzg.unizg.hr\/wp-content\/uploads\/2021\/08\/IMG-20210828-WA0001.jpg 1104w\" sizes=\"(max-width: 768px) 100vw, 768px\" \/><\/figure>\n<\/div>\n\n\n\n<div class=\"wp-block-column\">\n<p class=\"has-text-align-justify\"><strong>Laura Lasan<\/strong> \u2013 od kolovoza 2021. tajnica Kluba studenata turkologije.  Ro\u0111ena je u Zagrebu gdje zavr\u0161ava osnovnu i srednju \u0161kolu (IV.gimnazija). 2020. godine upisuje preddiplomski studij kroatistike i turkologije na Filozofskom fakultetu Sveu\u010dili\u0161ta u Zagrebu. \u010clan Kluba je od 2020. godine te aktivno sudjeluje u organizaciji i provedbi klupskih aktivnosti. Osim turskim, slu\u017ei se engleskim i \u0161panjolskim jezikom.<\/p>\n<\/div>\n<\/div>\n","protected":false},"excerpt":{"rendered":"<p>Laura Lasan \u2013 od kolovoza 2021. tajnica Kluba studenata turkologije. Ro\u0111ena je u Zagrebu gdje zavr\u0161ava osnovnu i srednju \u0161kolu (IV.gimnazija). 2020. godine upisuje preddiplomski studij kroatistike i turkologije na Filozofskom fakultetu Sveu\u010dili\u0161ta u Zagrebu. \u010clan Kluba je od 2020. godine te aktivno sudjeluje u organizaciji i provedbi klupskih aktivnosti. Osim turskim, slu\u017ei se engleskim [&hellip;]<\/p>\n","protected":false},"author":2,"featured_media":0,"parent":147,"menu_order":0,"comment_status":"closed","ping_status":"closed","template":"","meta":{"spay_email":""},"_links":{"self":[{"href":"https:\/\/kst.ffzg.unizg.hr\/index.php\/wp-json\/wp\/v2\/pages\/2026"}],"collection":[{"href":"https:\/\/kst.ffzg.unizg.hr\/index.php\/wp-json\/wp\/v2\/pages"}],"about":[{"href":"https:\/\/kst.ffzg.unizg.hr\/index.php\/wp-json\/wp\/v2\/types\/page"}],"author":[{"embeddable":true,"href":"https:\/\/kst.ffzg.unizg.hr\/index.php\/wp-json\/wp\/v2\/users\/2"}],"replies":[{"embeddable":true,"href":"https:\/\/kst.ffzg.unizg.hr\/index.php\/wp-json\/wp\/v2\/comments?post=2026"}],"version-history":[{"count":3,"href":"https:\/\/kst.ffzg.unizg.hr\/index.php\/wp-json\/wp\/v2\/pages\/2026\/revisions"}],"predecessor-version":[{"id":2087,"href":"https:\/\/kst.ffzg.unizg.hr\/index.php\/wp-json\/wp\/v2\/pages\/2026\/revisions\/2087"}],"up":[{"embeddable":true,"href":"https:\/\/kst.ffzg.unizg.hr\/index.php\/wp-json\/wp\/v2\/pages\/147"}],"wp:attachment":[{"href":"https:\/\/kst.ffzg.unizg.hr\/index.php\/wp-json\/wp\/v2\/media?parent=2026"}],"curies":[{"name":"wp","href":"https:\/\/api.w.org\/{rel}","templated":true}]}}