{"id":2014,"date":"2021-08-26T21:53:52","date_gmt":"2021-08-26T21:53:52","guid":{"rendered":"https:\/\/kst.ffzg.unizg.hr\/?page_id=2014"},"modified":"2023-11-27T17:46:49","modified_gmt":"2023-11-27T17:46:49","slug":"andrea-reljac","status":"publish","type":"page","link":"https:\/\/kst.ffzg.unizg.hr\/index.php\/about\/saziv-kluba\/andrea-reljac\/","title":{"rendered":"Andrea Reljac"},"content":{"rendered":"\n<div class=\"wp-block-columns\">\n<div class=\"wp-block-column\">\n<figure class=\"wp-block-image size-large is-style-default\"><img loading=\"lazy\" width=\"875\" height=\"1024\" src=\"https:\/\/kst.ffzg.unizg.hr\/wp-content\/uploads\/2023\/11\/20231026_201920-2-875x1024.jpg\" alt=\"\" class=\"wp-image-2278\" srcset=\"https:\/\/kst.ffzg.unizg.hr\/wp-content\/uploads\/2023\/11\/20231026_201920-2-875x1024.jpg 875w, https:\/\/kst.ffzg.unizg.hr\/wp-content\/uploads\/2023\/11\/20231026_201920-2-256x300.jpg 256w, https:\/\/kst.ffzg.unizg.hr\/wp-content\/uploads\/2023\/11\/20231026_201920-2-768x899.jpg 768w, https:\/\/kst.ffzg.unizg.hr\/wp-content\/uploads\/2023\/11\/20231026_201920-2-1313x1536.jpg 1313w, https:\/\/kst.ffzg.unizg.hr\/wp-content\/uploads\/2023\/11\/20231026_201920-2-1751x2048.jpg 1751w, https:\/\/kst.ffzg.unizg.hr\/wp-content\/uploads\/2023\/11\/20231026_201920-2.jpg 2036w\" sizes=\"(max-width: 875px) 100vw, 875px\" \/><\/figure>\n<\/div>\n\n\n\n<div class=\"wp-block-column\">\n<p>Ro\u0111ena je u Karlovcu. U Dugoj Resi je zavr\u0161ila osnovnu i srednju \u0161kolu. 2017. godine upisuje preddiplomski studij turkologije i etnologije i kulturne antropologije na Filozofskom fakultetu Sveu\u010dili\u0161ta u Zagrebu, a diplomski studij zapo\u010dela je 2022. godine.<br>Od 2018. \u010dlanica je Kluba studenata turkologije, a od srpnja 2022. i njegova predsjednica.<br>U srpnju i kolovozu 2023. poha\u0111ala je ljetnu \u0161kolu turskog jezika T\u00d6MER u Ankari.<br>U slobodno vrijeme bavi se pisanjem poezije, a jedna od pjesama objavljena je u me\u0111unarodnoj zbirci poezije &#8220;Gradovi od stihova&#8221;.<\/p>\n<\/div>\n<\/div>\n\n\n\n<p><\/p>\n","protected":false},"excerpt":{"rendered":"<p>Ro\u0111ena je u Karlovcu. U Dugoj Resi je zavr\u0161ila osnovnu i srednju \u0161kolu. 2017. godine upisuje preddiplomski studij turkologije i etnologije i kulturne antropologije na Filozofskom fakultetu Sveu\u010dili\u0161ta u Zagrebu, a diplomski studij zapo\u010dela je 2022. godine.Od 2018. \u010dlanica je Kluba studenata turkologije, a od srpnja 2022. i njegova predsjednica.U srpnju i kolovozu 2023. poha\u0111ala [&hellip;]<\/p>\n","protected":false},"author":2,"featured_media":0,"parent":147,"menu_order":0,"comment_status":"closed","ping_status":"closed","template":"","meta":{"spay_email":""},"_links":{"self":[{"href":"https:\/\/kst.ffzg.unizg.hr\/index.php\/wp-json\/wp\/v2\/pages\/2014"}],"collection":[{"href":"https:\/\/kst.ffzg.unizg.hr\/index.php\/wp-json\/wp\/v2\/pages"}],"about":[{"href":"https:\/\/kst.ffzg.unizg.hr\/index.php\/wp-json\/wp\/v2\/types\/page"}],"author":[{"embeddable":true,"href":"https:\/\/kst.ffzg.unizg.hr\/index.php\/wp-json\/wp\/v2\/users\/2"}],"replies":[{"embeddable":true,"href":"https:\/\/kst.ffzg.unizg.hr\/index.php\/wp-json\/wp\/v2\/comments?post=2014"}],"version-history":[{"count":5,"href":"https:\/\/kst.ffzg.unizg.hr\/index.php\/wp-json\/wp\/v2\/pages\/2014\/revisions"}],"predecessor-version":[{"id":2279,"href":"https:\/\/kst.ffzg.unizg.hr\/index.php\/wp-json\/wp\/v2\/pages\/2014\/revisions\/2279"}],"up":[{"embeddable":true,"href":"https:\/\/kst.ffzg.unizg.hr\/index.php\/wp-json\/wp\/v2\/pages\/147"}],"wp:attachment":[{"href":"https:\/\/kst.ffzg.unizg.hr\/index.php\/wp-json\/wp\/v2\/media?parent=2014"}],"curies":[{"name":"wp","href":"https:\/\/api.w.org\/{rel}","templated":true}]}}