{"id":1617,"date":"2020-05-14T10:29:49","date_gmt":"2020-05-14T10:29:49","guid":{"rendered":"https:\/\/kst.ffzg.unizg.hr\/?page_id=1617"},"modified":"2020-05-15T14:13:24","modified_gmt":"2020-05-15T14:13:24","slug":"yelena-yazvo","status":"publish","type":"page","link":"https:\/\/kst.ffzg.unizg.hr\/index.php\/tr\/hakkimizda\/bizitaniyin\/yelena-yazvo\/","title":{"rendered":"Yelena Yazvo"},"content":{"rendered":"\n<div class=\"wp-block-image\"><figure class=\"alignright is-resized\"><img loading=\"lazy\" src=\"https:\/\/kst.ffzg.unizg.hr\/wp-content\/uploads\/2020\/05\/10428409_850779634941906_4473045943169463057_o-638x1024.jpg\" alt=\"\" class=\"wp-image-1594\" width=\"309\" height=\"464\"\/><\/figure><\/div>\n\n\n\n<p style=\"text-align:justify\"><strong>Jelena Jazvo<\/strong>\u00a0\u2013 2018 Nisan\u2019\u0131ndan Kul\u00fcp Ba\u015fkan Yard\u0131mc\u0131s\u0131 ve ilk \u00fcyelerinden biridir. Zagreb\u2019de do\u011fmu\u015ftur. \u0130lkokul, ortaokul ve liseyi H\u0131rvatistan\u2019\u0131n Slavonya B\u00f6lgesi\u2019ndeki Cakovo \u015fehrinde bitirmi\u015ftir. 2017 y\u0131l\u0131nda Zagreb \u00dcniversitesi Felsefe Fak\u00fcltesi T\u00fcrkoloji ve Sosyoloji B\u00f6l\u00fcmlerinden lisans diplomas\u0131n\u0131 alm\u0131\u015ft\u0131r. \u015eu anda T\u00fcrkoloji ve Sosyoloji B\u00f6l\u00fcmlerinde y\u00fcksek lisans\u0131n\u0131 tamamlamaktad\u0131r. 2018 y\u0131l\u0131nda Ankara\u2019da Yunus Emre Enstit\u00fcs\u00fcs\u00fc taraf\u0131ndan ger\u00e7ekle\u015ftirilen yaz okuluna kat\u0131lm\u0131\u015ft\u0131r. Sergiler, konu\u015fma at\u00f6lyeleri, H\u0131rvat\u00e7a \u00e7al\u0131\u015ftaylar\u0131, 2019 T\u00fcrkiye \u00d6\u011frenci gezisi gibi Kul\u00fcb\u00fcn \u00e7ok say\u0131daki faaliyetlerinin organizasyonunun ger\u00e7ekle\u015ftirilmesinde yer alm\u0131\u015ft\u0131r. Kul\u00fcb\u00fcn yan\u0131 s\u0131ra H\u0131rvat-T\u00fcrk Dostluk Derne\u011fi\u2019nin de \u00fcyesidir. Yay\u0131mlayacak olan T\u00fcrk\u00e7e \u00f6\u011fretme ders kitab\u0131n\u0131n T\u00fcrk\u00e7e-H\u0131rvat\u00e7a \u00e7evirisinde yer alm\u0131\u015ft\u0131r. Aktif bir \u015fekilde \u0130ngilizce ve T\u00fcrk\u00e7e konu\u015fmakta, \u0130spanyolca ve \u00c7ince \u00f6\u011frenmektedir. Bo\u015f zamanlarda paten yapmay\u0131, okumay\u0131 ve kek yapmay\u0131 sever.<\/p>\n","protected":false},"excerpt":{"rendered":"<p>Jelena Jazvo\u00a0\u2013 2018 Nisan\u2019\u0131ndan Kul\u00fcp Ba\u015fkan Yard\u0131mc\u0131s\u0131 ve ilk \u00fcyelerinden biridir. Zagreb\u2019de do\u011fmu\u015ftur. \u0130lkokul, ortaokul ve liseyi H\u0131rvatistan\u2019\u0131n Slavonya B\u00f6lgesi\u2019ndeki Cakovo \u015fehrinde bitirmi\u015ftir. 2017 y\u0131l\u0131nda Zagreb \u00dcniversitesi Felsefe Fak\u00fcltesi T\u00fcrkoloji ve Sosyoloji B\u00f6l\u00fcmlerinden lisans diplomas\u0131n\u0131 alm\u0131\u015ft\u0131r. \u015eu anda T\u00fcrkoloji ve Sosyoloji B\u00f6l\u00fcmlerinde y\u00fcksek lisans\u0131n\u0131 tamamlamaktad\u0131r. 2018 y\u0131l\u0131nda Ankara\u2019da Yunus Emre Enstit\u00fcs\u00fcs\u00fc taraf\u0131ndan ger\u00e7ekle\u015ftirilen yaz okuluna [&hellip;]<\/p>\n","protected":false},"author":2,"featured_media":0,"parent":225,"menu_order":0,"comment_status":"closed","ping_status":"closed","template":"","meta":{"spay_email":""},"_links":{"self":[{"href":"https:\/\/kst.ffzg.unizg.hr\/index.php\/wp-json\/wp\/v2\/pages\/1617"}],"collection":[{"href":"https:\/\/kst.ffzg.unizg.hr\/index.php\/wp-json\/wp\/v2\/pages"}],"about":[{"href":"https:\/\/kst.ffzg.unizg.hr\/index.php\/wp-json\/wp\/v2\/types\/page"}],"author":[{"embeddable":true,"href":"https:\/\/kst.ffzg.unizg.hr\/index.php\/wp-json\/wp\/v2\/users\/2"}],"replies":[{"embeddable":true,"href":"https:\/\/kst.ffzg.unizg.hr\/index.php\/wp-json\/wp\/v2\/comments?post=1617"}],"version-history":[{"count":1,"href":"https:\/\/kst.ffzg.unizg.hr\/index.php\/wp-json\/wp\/v2\/pages\/1617\/revisions"}],"predecessor-version":[{"id":1618,"href":"https:\/\/kst.ffzg.unizg.hr\/index.php\/wp-json\/wp\/v2\/pages\/1617\/revisions\/1618"}],"up":[{"embeddable":true,"href":"https:\/\/kst.ffzg.unizg.hr\/index.php\/wp-json\/wp\/v2\/pages\/225"}],"wp:attachment":[{"href":"https:\/\/kst.ffzg.unizg.hr\/index.php\/wp-json\/wp\/v2\/media?parent=1617"}],"curies":[{"name":"wp","href":"https:\/\/api.w.org\/{rel}","templated":true}]}}