{"id":1614,"date":"2020-05-14T10:30:42","date_gmt":"2020-05-14T10:30:42","guid":{"rendered":"https:\/\/kst.ffzg.unizg.hr\/?page_id=1614"},"modified":"2020-05-15T14:11:59","modified_gmt":"2020-05-15T14:11:59","slug":"luka-karaturovic","status":"publish","type":"page","link":"https:\/\/kst.ffzg.unizg.hr\/index.php\/tr\/hakkimizda\/bizitaniyin\/luka-karaturovic\/","title":{"rendered":"Luka Karaturovi\u00e7"},"content":{"rendered":"\n<div class=\"wp-block-image\"><figure class=\"alignright is-resized\"><img loading=\"lazy\" src=\"https:\/\/kst.ffzg.unizg.hr\/wp-content\/uploads\/2020\/05\/WhatsApp-Image-2020-05-14-at-13.31.08-1-768x1024.jpeg\" alt=\"\" class=\"wp-image-1432\" width=\"309\" height=\"464\"\/><\/figure><\/div>\n\n\n\n<p style=\"text-align:justify\"><strong>Luka Karaturovi\u0107<\/strong> \u2013 2020 Ocak ay\u0131ndan beri Kul\u00fcp Denetim Kurulu \u00fcyesidir. Do\u011fdu\u011fu Slavonya b\u00f6lgesinde bulunan Nova G\u0131radi\u015fka\u2019da ilk ve ortaokulu, ard\u0131ndan liseyi bitirmi\u015ftir. 2016-2017 y\u0131l\u0131ndan itibaren Zagreb \u00dcniversitesi Felsefe Fak\u00fcltesi\u2019nde T\u00fcrkoloji ile \u0130ngiliz Dili ve Edebiyat\u0131 b\u00f6l\u00fcmlerinde lisans e\u011fitimi g\u00f6ren, ard\u0131ndan \u00fc\u00e7 sene sonra y\u00fcksek lisans e\u011fitimine ba\u015flam\u0131\u015ft\u0131r. T\u00fcrkoloji ile \u0130ngiliz Dili ve Edebiyat\u0131 \u00d6\u011frenci Kul\u00fcplerinin \u00fcyesidir. 2019 \u015eubat\u2019\u0131nda \u0130zmir\u2019de bir Erasmus+ projesinde, ayn\u0131 senenin May\u0131s ay\u0131nda Zagreb\u2019deki Felsefe Fak\u00fcltesinde ger\u00e7ekle\u015ftirilen Anglophonia: New Frontiers uluslararas\u0131 konferans\u0131nda yer alm\u0131\u015ft\u0131r. 2019\u2019da T\u00fcrkoloji B\u00f6l\u00fcm\u00fc\u2019n\u00fcn M\u00fckemmellik \u00d6d\u00fcl\u00fcn\u00fc alm\u0131\u015ft\u0131r. T\u00fcrk\u00e7enin yan\u0131 s\u0131ra, \u0130ngilizce ve \u0130talyanca bilmektedir.<\/p>\n","protected":false},"excerpt":{"rendered":"<p>Luka Karaturovi\u0107 \u2013 2020 Ocak ay\u0131ndan beri Kul\u00fcp Denetim Kurulu \u00fcyesidir. Do\u011fdu\u011fu Slavonya b\u00f6lgesinde bulunan Nova G\u0131radi\u015fka\u2019da ilk ve ortaokulu, ard\u0131ndan liseyi bitirmi\u015ftir. 2016-2017 y\u0131l\u0131ndan itibaren Zagreb \u00dcniversitesi Felsefe Fak\u00fcltesi\u2019nde T\u00fcrkoloji ile \u0130ngiliz Dili ve Edebiyat\u0131 b\u00f6l\u00fcmlerinde lisans e\u011fitimi g\u00f6ren, ard\u0131ndan \u00fc\u00e7 sene sonra y\u00fcksek lisans e\u011fitimine ba\u015flam\u0131\u015ft\u0131r. T\u00fcrkoloji ile \u0130ngiliz Dili ve Edebiyat\u0131 \u00d6\u011frenci [&hellip;]<\/p>\n","protected":false},"author":2,"featured_media":0,"parent":225,"menu_order":0,"comment_status":"closed","ping_status":"closed","template":"","meta":{"spay_email":""},"_links":{"self":[{"href":"https:\/\/kst.ffzg.unizg.hr\/index.php\/wp-json\/wp\/v2\/pages\/1614"}],"collection":[{"href":"https:\/\/kst.ffzg.unizg.hr\/index.php\/wp-json\/wp\/v2\/pages"}],"about":[{"href":"https:\/\/kst.ffzg.unizg.hr\/index.php\/wp-json\/wp\/v2\/types\/page"}],"author":[{"embeddable":true,"href":"https:\/\/kst.ffzg.unizg.hr\/index.php\/wp-json\/wp\/v2\/users\/2"}],"replies":[{"embeddable":true,"href":"https:\/\/kst.ffzg.unizg.hr\/index.php\/wp-json\/wp\/v2\/comments?post=1614"}],"version-history":[{"count":1,"href":"https:\/\/kst.ffzg.unizg.hr\/index.php\/wp-json\/wp\/v2\/pages\/1614\/revisions"}],"predecessor-version":[{"id":1615,"href":"https:\/\/kst.ffzg.unizg.hr\/index.php\/wp-json\/wp\/v2\/pages\/1614\/revisions\/1615"}],"up":[{"embeddable":true,"href":"https:\/\/kst.ffzg.unizg.hr\/index.php\/wp-json\/wp\/v2\/pages\/225"}],"wp:attachment":[{"href":"https:\/\/kst.ffzg.unizg.hr\/index.php\/wp-json\/wp\/v2\/media?parent=1614"}],"curies":[{"name":"wp","href":"https:\/\/api.w.org\/{rel}","templated":true}]}}