{"id":1610,"date":"2020-05-14T10:08:20","date_gmt":"2020-05-14T10:08:20","guid":{"rendered":"https:\/\/kst.ffzg.unizg.hr\/?page_id=1610"},"modified":"2025-02-27T19:42:05","modified_gmt":"2025-02-27T19:42:05","slug":"marko-sapina","status":"publish","type":"page","link":"https:\/\/kst.ffzg.unizg.hr\/index.php\/tr\/hakkimizda\/bizitaniyin\/marko-sapina\/","title":{"rendered":"Marko \u015eapina"},"content":{"rendered":"\n<p class=\"has-text-align-justify\"><strong>Marko \u0160apina\u00a0<\/strong>\u2013 2018 Nisan&#8217;\u0131ndan Kul\u00fcp Ba\u015fkan\u0131, 2021&#8217;den Fahri Ba\u015fkan\u0131. Zagreb Felsefe Fak\u00fcltesi\u2019nde T\u00fcrkoloji ile birlikte H\u0131rvat Dili ve Edebiyat\u0131 alanlar\u0131nda \u00e7ift anadal lisans program\u0131ndan mezun olduktan sonra \u0130stanbul \u00dcniversitesi&#8217;nde Siyaset Bilimi ve Uluslararas\u0131 \u0130li\u015fkiler alan\u0131nda y\u00fcksek lisans yapm\u0131\u015ft\u0131r. <\/p>\n","protected":false},"excerpt":{"rendered":"<p>Marko \u0160apina\u00a0\u2013 2018 Nisan&#8217;\u0131ndan Kul\u00fcp Ba\u015fkan\u0131, 2021&#8217;den Fahri Ba\u015fkan\u0131. Zagreb Felsefe Fak\u00fcltesi\u2019nde T\u00fcrkoloji ile birlikte H\u0131rvat Dili ve Edebiyat\u0131 alanlar\u0131nda \u00e7ift anadal lisans program\u0131ndan mezun olduktan sonra \u0130stanbul \u00dcniversitesi&#8217;nde Siyaset Bilimi ve Uluslararas\u0131 \u0130li\u015fkiler alan\u0131nda y\u00fcksek lisans yapm\u0131\u015ft\u0131r.<\/p>\n","protected":false},"author":2,"featured_media":0,"parent":225,"menu_order":0,"comment_status":"closed","ping_status":"closed","template":"","meta":{"spay_email":""},"_links":{"self":[{"href":"https:\/\/kst.ffzg.unizg.hr\/index.php\/wp-json\/wp\/v2\/pages\/1610"}],"collection":[{"href":"https:\/\/kst.ffzg.unizg.hr\/index.php\/wp-json\/wp\/v2\/pages"}],"about":[{"href":"https:\/\/kst.ffzg.unizg.hr\/index.php\/wp-json\/wp\/v2\/types\/page"}],"author":[{"embeddable":true,"href":"https:\/\/kst.ffzg.unizg.hr\/index.php\/wp-json\/wp\/v2\/users\/2"}],"replies":[{"embeddable":true,"href":"https:\/\/kst.ffzg.unizg.hr\/index.php\/wp-json\/wp\/v2\/comments?post=1610"}],"version-history":[{"count":4,"href":"https:\/\/kst.ffzg.unizg.hr\/index.php\/wp-json\/wp\/v2\/pages\/1610\/revisions"}],"predecessor-version":[{"id":2333,"href":"https:\/\/kst.ffzg.unizg.hr\/index.php\/wp-json\/wp\/v2\/pages\/1610\/revisions\/2333"}],"up":[{"embeddable":true,"href":"https:\/\/kst.ffzg.unizg.hr\/index.php\/wp-json\/wp\/v2\/pages\/225"}],"wp:attachment":[{"href":"https:\/\/kst.ffzg.unizg.hr\/index.php\/wp-json\/wp\/v2\/media?parent=1610"}],"curies":[{"name":"wp","href":"https:\/\/api.w.org\/{rel}","templated":true}]}}