{"id":1408,"date":"2020-05-14T10:08:20","date_gmt":"2020-05-14T10:08:20","guid":{"rendered":"https:\/\/kst.ffzg.unizg.hr\/?page_id=1408"},"modified":"2025-02-27T19:41:38","modified_gmt":"2025-02-27T19:41:38","slug":"marko-sapina","status":"publish","type":"page","link":"https:\/\/kst.ffzg.unizg.hr\/index.php\/about\/saziv-kluba\/marko-sapina\/","title":{"rendered":"Marko \u0160apina"},"content":{"rendered":"\n<div class=\"wp-block-columns\">\n<div class=\"wp-block-column\"><\/div>\n\n\n\n<div class=\"wp-block-column\">\n<p class=\"has-text-align-justify\"><strong>Marko \u0160apina\u00a0<\/strong>\u2013 od travnja 2018. do kolovoza 2021. predsjednik, od kolovoza 2021. po\u010dasni predsjednik Kluba. U Zagrebu zavr\u0161io preddiplomski studij turkologije i kroatistike, na  Sveu\u010dili\u0161tu u Istanbulu studij me\u0111unarodnih odnosa.<\/p>\n<\/div>\n<\/div>\n","protected":false},"excerpt":{"rendered":"<p>Marko \u0160apina\u00a0\u2013 od travnja 2018. do kolovoza 2021. predsjednik, od kolovoza 2021. po\u010dasni predsjednik Kluba. U Zagrebu zavr\u0161io preddiplomski studij turkologije i kroatistike, na Sveu\u010dili\u0161tu u Istanbulu studij me\u0111unarodnih odnosa.<\/p>\n","protected":false},"author":2,"featured_media":0,"parent":147,"menu_order":0,"comment_status":"closed","ping_status":"closed","template":"","meta":{"spay_email":""},"_links":{"self":[{"href":"https:\/\/kst.ffzg.unizg.hr\/index.php\/wp-json\/wp\/v2\/pages\/1408"}],"collection":[{"href":"https:\/\/kst.ffzg.unizg.hr\/index.php\/wp-json\/wp\/v2\/pages"}],"about":[{"href":"https:\/\/kst.ffzg.unizg.hr\/index.php\/wp-json\/wp\/v2\/types\/page"}],"author":[{"embeddable":true,"href":"https:\/\/kst.ffzg.unizg.hr\/index.php\/wp-json\/wp\/v2\/users\/2"}],"replies":[{"embeddable":true,"href":"https:\/\/kst.ffzg.unizg.hr\/index.php\/wp-json\/wp\/v2\/comments?post=1408"}],"version-history":[{"count":14,"href":"https:\/\/kst.ffzg.unizg.hr\/index.php\/wp-json\/wp\/v2\/pages\/1408\/revisions"}],"predecessor-version":[{"id":2332,"href":"https:\/\/kst.ffzg.unizg.hr\/index.php\/wp-json\/wp\/v2\/pages\/1408\/revisions\/2332"}],"up":[{"embeddable":true,"href":"https:\/\/kst.ffzg.unizg.hr\/index.php\/wp-json\/wp\/v2\/pages\/147"}],"wp:attachment":[{"href":"https:\/\/kst.ffzg.unizg.hr\/index.php\/wp-json\/wp\/v2\/media?parent=1408"}],"curies":[{"name":"wp","href":"https:\/\/api.w.org\/{rel}","templated":true}]}}