{"id":1382,"date":"2020-05-13T21:12:48","date_gmt":"2020-05-13T21:12:48","guid":{"rendered":"https:\/\/kst.ffzg.unizg.hr\/?page_id=1382"},"modified":"2020-05-13T23:33:48","modified_gmt":"2020-05-13T23:33:48","slug":"turkiye-ile-biz-2","status":"publish","type":"page","link":"https:\/\/kst.ffzg.unizg.hr\/index.php\/tr\/turkiye-ile-biz-2\/","title":{"rendered":"T\u00fcrkiye \u0130le B\u0130z"},"content":{"rendered":"","protected":false},"excerpt":{"rendered":"","protected":false},"author":2,"featured_media":0,"parent":0,"menu_order":0,"comment_status":"closed","ping_status":"closed","template":"","meta":{"spay_email":""},"_links":{"self":[{"href":"https:\/\/kst.ffzg.unizg.hr\/index.php\/wp-json\/wp\/v2\/pages\/1382"}],"collection":[{"href":"https:\/\/kst.ffzg.unizg.hr\/index.php\/wp-json\/wp\/v2\/pages"}],"about":[{"href":"https:\/\/kst.ffzg.unizg.hr\/index.php\/wp-json\/wp\/v2\/types\/page"}],"author":[{"embeddable":true,"href":"https:\/\/kst.ffzg.unizg.hr\/index.php\/wp-json\/wp\/v2\/users\/2"}],"replies":[{"embeddable":true,"href":"https:\/\/kst.ffzg.unizg.hr\/index.php\/wp-json\/wp\/v2\/comments?post=1382"}],"version-history":[{"count":1,"href":"https:\/\/kst.ffzg.unizg.hr\/index.php\/wp-json\/wp\/v2\/pages\/1382\/revisions"}],"predecessor-version":[{"id":1383,"href":"https:\/\/kst.ffzg.unizg.hr\/index.php\/wp-json\/wp\/v2\/pages\/1382\/revisions\/1383"}],"wp:attachment":[{"href":"https:\/\/kst.ffzg.unizg.hr\/index.php\/wp-json\/wp\/v2\/media?parent=1382"}],"curies":[{"name":"wp","href":"https:\/\/api.w.org\/{rel}","templated":true}]}}